{"id":3893,"date":"2021-12-23T20:12:48","date_gmt":"2021-12-23T19:12:48","guid":{"rendered":"https:\/\/www.camping-maltatal.at\/restaurant\/"},"modified":"2026-04-23T11:53:16","modified_gmt":"2026-04-23T09:53:16","slug":"restaurant","status":"publish","type":"page","link":"https:\/\/www.camping-maltatal.at\/da\/restaurant\/","title":{"rendered":"Restaurant"},"content":{"rendered":"\t\t<div data-elementor-type=\"wp-page\" data-elementor-id=\"3893\" class=\"elementor elementor-3893 elementor-88\">\n\t\t\t\t\t\t<section class=\"elementor-section elementor-top-section elementor-element elementor-element-1b582be1 elementor-section-boxed elementor-section-height-default elementor-section-height-default\" data-id=\"1b582be1\" data-element_type=\"section\" data-settings=\"{&quot;background_background&quot;:&quot;classic&quot;}\">\n\t\t\t\t\t\t\t<div class=\"elementor-background-overlay\"><\/div>\n\t\t\t\t\t\t\t<div class=\"elementor-container elementor-column-gap-default\">\n\t\t\t\t\t<div class=\"elementor-column elementor-col-100 elementor-top-column elementor-element elementor-element-39a18877\" data-id=\"39a18877\" data-element_type=\"column\">\n\t\t\t<div class=\"elementor-widget-wrap elementor-element-populated\">\n\t\t\t\t\t\t<div class=\"elementor-element elementor-element-66e9ff19 elementor-view-default elementor-position-top elementor-widget elementor-widget-themo-header\" data-id=\"66e9ff19\" data-element_type=\"widget\" data-widget_type=\"themo-header.default\">\n\t\t\t\t<div class=\"elementor-widget-container\">\n\t\t\t\t\t<div class=\"th-header-wrap\">\n        <div class=\"elementor-icon-box-wrapper \">\n                            <div class=\"elementor-icon-box-content\">\n                    <h4 class=\"elementor-icon-box-title\">\n                        vores restaurant                    <\/h4>\n                                        <p class=\"elementor-icon-box-description\">Vores restaurant er fra den 25. april 2026 igen \u00e5ben hver dag fra torsdag til tirsdag (lukket om onsdagen).<\/p>\n\n                                    <\/div>\n            <\/div>\n\n        <\/div>\n\n\t\t\t\t<\/div>\n\t\t\t\t<\/div>\n\t\t\t\t\t<\/div>\n\t\t<\/div>\n\t\t\t\t\t<\/div>\n\t\t<\/section>\n\t\t\t\t<section class=\"elementor-section elementor-top-section elementor-element elementor-element-53db4c70 elementor-section-boxed elementor-section-height-default elementor-section-height-default\" data-id=\"53db4c70\" data-element_type=\"section\" data-settings=\"{&quot;background_background&quot;:&quot;classic&quot;}\">\n\t\t\t\t\t\t<div class=\"elementor-container elementor-column-gap-default\">\n\t\t\t\t\t<div class=\"elementor-column elementor-col-100 elementor-top-column elementor-element elementor-element-2d85d5cb\" data-id=\"2d85d5cb\" data-element_type=\"column\">\n\t\t\t<div class=\"elementor-widget-wrap elementor-element-populated\">\n\t\t\t\t\t\t<div class=\"elementor-element elementor-element-29f12403 elementor-view-default elementor-position-top elementor-widget elementor-widget-themo-header\" data-id=\"29f12403\" data-element_type=\"widget\" data-widget_type=\"themo-header.default\">\n\t\t\t\t<div class=\"elementor-widget-container\">\n\t\t\t\t\t<div class=\"th-header-wrap\">\n        <div class=\"elementor-icon-box-wrapper \">\n                            <div class=\"elementor-icon-box-content\">\n                    <h2 class=\"elementor-icon-box-title\">\n                        Velsmagende mad                    <\/h2>\n                                        <p class=\"elementor-icon-box-description\"><\/p>\n\n                                    <\/div>\n            <\/div>\n\n        <\/div>\n\n\t\t\t\t<\/div>\n\t\t\t\t<\/div>\n\t\t\t\t<div class=\"elementor-element elementor-element-c41079 elementor-widget elementor-widget-text-editor\" data-id=\"c41079\" data-element_type=\"widget\" data-widget_type=\"text-editor.default\">\n\t\t\t\t<div class=\"elementor-widget-container\">\n\t\t\t<style>\/*! elementor - v3.19.0 - 28-02-2024 *\/\n.elementor-widget-text-editor.elementor-drop-cap-view-stacked .elementor-drop-cap{background-color:#69727d;color:#fff}.elementor-widget-text-editor.elementor-drop-cap-view-framed .elementor-drop-cap{color:#69727d;border:3px solid;background-color:transparent}.elementor-widget-text-editor:not(.elementor-drop-cap-view-default) .elementor-drop-cap{margin-top:8px}.elementor-widget-text-editor:not(.elementor-drop-cap-view-default) .elementor-drop-cap-letter{width:1em;height:1em}.elementor-widget-text-editor .elementor-drop-cap{float:left;text-align:center;line-height:1;font-size:50px}.elementor-widget-text-editor .elementor-drop-cap-letter{display:inline-block}<\/style>\t\t\t\t<p>Vores restaurant tilbyder <strong>fine retter<\/strong> og er popul\u00e6r ikke kun blandt g\u00e6sterne, men ogs\u00e5 blandt de lokale. Vi vil fork\u00e6le dig med <strong>traditionel hjemmelavet mad<\/strong>, men ogs\u00e5 med de velkendte <strong>hjemmelavede pizzaer<\/strong> fra den tr\u00e6fyrede ovn.<\/p>\n\t\t\t\t\t\t<\/div>\n\t\t\t\t<\/div>\n\t\t\t\t\t<\/div>\n\t\t<\/div>\n\t\t\t\t\t<\/div>\n\t\t<\/section>\n\t\t\t\t<section class=\"elementor-section elementor-top-section elementor-element elementor-element-2fc074bd elementor-section-full_width elementor-section-height-default elementor-section-height-default\" data-id=\"2fc074bd\" data-element_type=\"section\" data-settings=\"{&quot;background_background&quot;:&quot;classic&quot;}\">\n\t\t\t\t\t\t<div class=\"elementor-container elementor-column-gap-no\">\n\t\t\t\t\t<div class=\"elementor-column elementor-col-100 elementor-top-column elementor-element elementor-element-6cd432a7\" data-id=\"6cd432a7\" data-element_type=\"column\">\n\t\t\t<div class=\"elementor-widget-wrap elementor-element-populated\">\n\t\t\t\t\t\t<div class=\"elementor-element elementor-element-77e020d2 elementor-arrows-position-inside elementor-widget elementor-widget-image-carousel\" data-id=\"77e020d2\" data-element_type=\"widget\" data-settings=\"{&quot;slides_to_show&quot;:&quot;3&quot;,&quot;slides_to_scroll&quot;:&quot;1&quot;,&quot;navigation&quot;:&quot;arrows&quot;,&quot;slides_to_show_tablet&quot;:&quot;1&quot;,&quot;autoplay&quot;:&quot;yes&quot;,&quot;pause_on_hover&quot;:&quot;yes&quot;,&quot;pause_on_interaction&quot;:&quot;yes&quot;,&quot;autoplay_speed&quot;:5000,&quot;infinite&quot;:&quot;yes&quot;,&quot;speed&quot;:500,&quot;image_spacing_custom&quot;:{&quot;unit&quot;:&quot;px&quot;,&quot;size&quot;:20,&quot;sizes&quot;:[]}}\" data-widget_type=\"image-carousel.default\">\n\t\t\t\t<div class=\"elementor-widget-container\">\n\t\t\t<style>\/*! elementor - v3.19.0 - 28-02-2024 *\/\n.elementor-widget-image-carousel .swiper,.elementor-widget-image-carousel .swiper-container{position:static}.elementor-widget-image-carousel .swiper-container .swiper-slide figure,.elementor-widget-image-carousel .swiper .swiper-slide figure{line-height:inherit}.elementor-widget-image-carousel .swiper-slide{text-align:center}.elementor-image-carousel-wrapper:not(.swiper-container-initialized):not(.swiper-initialized) .swiper-slide{max-width:calc(100% \/ var(--e-image-carousel-slides-to-show, 3))}<\/style>\t\t<div class=\"elementor-image-carousel-wrapper swiper-container\" dir=\"ltr\">\n\t\t\t<div class=\"elementor-image-carousel swiper-wrapper swiper-image-stretch\" aria-live=\"off\">\n\t\t\t\t\t\t\t\t<div class=\"swiper-slide\" role=\"group\" aria-roledescription=\"slide\" aria-label=\"1 of 6\"><figure class=\"swiper-slide-inner\"><img decoding=\"async\" class=\"swiper-slide-image\" src=\"https:\/\/www.camping-maltatal.at\/wp-content\/uploads\/2022\/11\/910edebe-94d3-47d0-80df-3f0a4d1810ff-scaled.jpg\" alt=\"910edebe-94d3-47d0-80df-3f0a4d1810ff\" \/><\/figure><\/div><div class=\"swiper-slide\" role=\"group\" aria-roledescription=\"slide\" aria-label=\"2 of 6\"><figure class=\"swiper-slide-inner\"><img decoding=\"async\" class=\"swiper-slide-image\" src=\"https:\/\/www.camping-maltatal.at\/wp-content\/uploads\/2022\/11\/tinywow_IMG_4817_8807946-scaled.jpg\" alt=\"tinywow_IMG_4817_8807946\" \/><\/figure><\/div><div class=\"swiper-slide\" role=\"group\" aria-roledescription=\"slide\" aria-label=\"3 of 6\"><figure class=\"swiper-slide-inner\"><img decoding=\"async\" class=\"swiper-slide-image\" src=\"https:\/\/www.camping-maltatal.at\/wp-content\/uploads\/2022\/11\/tinywow_2013_08_03_0067_8807910-scaled.jpg\" alt=\"tinywow_2013_08_03_0067_8807910\" \/><\/figure><\/div><div class=\"swiper-slide\" role=\"group\" aria-roledescription=\"slide\" aria-label=\"4 of 6\"><figure class=\"swiper-slide-inner\"><img decoding=\"async\" class=\"swiper-slide-image\" src=\"https:\/\/www.camping-maltatal.at\/wp-content\/uploads\/2022\/11\/tinywow_213de8bd-26a5-4ad8-be8f-7f4b5dadc382_8807867-scaled.jpg\" alt=\"tinywow_213de8bd-26a5-4ad8-be8f-7f4b5dadc382_8807867\" \/><\/figure><\/div><div class=\"swiper-slide\" role=\"group\" aria-roledescription=\"slide\" aria-label=\"5 of 6\"><figure class=\"swiper-slide-inner\"><img decoding=\"async\" class=\"swiper-slide-image\" src=\"https:\/\/www.camping-maltatal.at\/wp-content\/uploads\/2022\/11\/tinywow_1fef3010-8814-417a-bd85-309f3da507c3_8807809-scaled.jpg\" alt=\"tinywow_1fef3010-8814-417a-bd85-309f3da507c3_8807809\" \/><\/figure><\/div><div class=\"swiper-slide\" role=\"group\" aria-roledescription=\"slide\" aria-label=\"6 of 6\"><figure class=\"swiper-slide-inner\"><img decoding=\"async\" class=\"swiper-slide-image\" src=\"https:\/\/www.camping-maltatal.at\/wp-content\/uploads\/2022\/11\/910edebe-94d3-47d0-80df-3f0a4d1810ff-scaled.jpg\" alt=\"910edebe-94d3-47d0-80df-3f0a4d1810ff\" \/><\/figure><\/div>\t\t\t<\/div>\n\t\t\t\t\t\t\t\t\t\t\t\t<div class=\"elementor-swiper-button elementor-swiper-button-prev\" role=\"button\" tabindex=\"0\">\n\t\t\t\t\t\t<i aria-hidden=\"true\" class=\"eicon-chevron-left\"><\/i>\t\t\t\t\t<\/div>\n\t\t\t\t\t<div class=\"elementor-swiper-button elementor-swiper-button-next\" role=\"button\" tabindex=\"0\">\n\t\t\t\t\t\t<i aria-hidden=\"true\" class=\"eicon-chevron-right\"><\/i>\t\t\t\t\t<\/div>\n\t\t\t\t\n\t\t\t\t\t\t\t\t\t<\/div>\n\t\t\t\t<\/div>\n\t\t\t\t<\/div>\n\t\t\t\t\t<\/div>\n\t\t<\/div>\n\t\t\t\t\t<\/div>\n\t\t<\/section>\n\t\t\t\t<section class=\"elementor-section elementor-top-section elementor-element elementor-element-4a7e5e6 elementor-section-boxed elementor-section-height-default elementor-section-height-default\" data-id=\"4a7e5e6\" data-element_type=\"section\">\n\t\t\t\t\t\t<div class=\"elementor-container elementor-column-gap-default\">\n\t\t\t\t\t<div class=\"elementor-column elementor-col-100 elementor-top-column elementor-element elementor-element-5e4d609\" data-id=\"5e4d609\" data-element_type=\"column\">\n\t\t\t<div class=\"elementor-widget-wrap elementor-element-populated\">\n\t\t\t\t\t\t<div class=\"elementor-element elementor-element-52db857 elementor-widget elementor-widget-heading\" data-id=\"52db857\" data-element_type=\"widget\" data-widget_type=\"heading.default\">\n\t\t\t\t<div class=\"elementor-widget-container\">\n\t\t\t<style>\/*! elementor - v3.19.0 - 28-02-2024 *\/\n.elementor-heading-title{padding:0;margin:0;line-height:1}.elementor-widget-heading .elementor-heading-title[class*=elementor-size-]>a{color:inherit;font-size:inherit;line-height:inherit}.elementor-widget-heading .elementor-heading-title.elementor-size-small{font-size:15px}.elementor-widget-heading .elementor-heading-title.elementor-size-medium{font-size:19px}.elementor-widget-heading .elementor-heading-title.elementor-size-large{font-size:29px}.elementor-widget-heading .elementor-heading-title.elementor-size-xl{font-size:39px}.elementor-widget-heading .elementor-heading-title.elementor-size-xxl{font-size:59px}<\/style><h2 class=\"elementor-heading-title elementor-size-xl\">Menu<\/h2>\t\t<\/div>\n\t\t\t\t<\/div>\n\t\t\t\t\t<\/div>\n\t\t<\/div>\n\t\t\t\t\t<\/div>\n\t\t<\/section>\n\t\t\t\t<section class=\"elementor-section elementor-top-section elementor-element elementor-element-6bce96b elementor-section-boxed elementor-section-height-default elementor-section-height-default\" data-id=\"6bce96b\" data-element_type=\"section\">\n\t\t\t\t\t\t<div class=\"elementor-container elementor-column-gap-default\">\n\t\t\t\t\t<div class=\"elementor-column elementor-col-50 elementor-top-column elementor-element elementor-element-ce40fe6\" data-id=\"ce40fe6\" data-element_type=\"column\">\n\t\t\t<div class=\"elementor-widget-wrap elementor-element-populated\">\n\t\t\t\t\t\t<div class=\"elementor-element elementor-element-cedf5cd elementor-widget elementor-widget-text-editor\" data-id=\"cedf5cd\" data-element_type=\"widget\" data-widget_type=\"text-editor.default\">\n\t\t\t\t<div class=\"elementor-widget-container\">\n\t\t\t\t\t\t\t<p>Se vores <strong>menu<\/strong> nu. Afh\u00e6ngigt af \u00e5rstiden suppleres dette med yderligere <strong>ugentlige<\/strong> eller <strong>daglige anbefalinger <\/strong>.<\/p>\n\t\t\t\t\t\t<\/div>\n\t\t\t\t<\/div>\n\t\t\t\t<div class=\"elementor-element elementor-element-63c9b3f th-btn-align-center elementor-widget elementor-widget-themo-button\" data-id=\"63c9b3f\" data-element_type=\"widget\" data-widget_type=\"themo-button.default\">\n\t\t\t\t<div class=\"elementor-widget-container\">\n\t\t\t\n                \t\t\t<a class=\"btn-1 btn th-btn btn-standard-primary\" href=\"https:\/\/www.camping-maltatal.at\/wp-content\/uploads\/2026\/04\/SpeisekarteabAPRIL_2026.pdf\" target=\"_blank\">\n\t\t\t\t\t\t\t\t\tVores menukort 2026\t\t\t\t\t\t\t<\/a>\n\t\t\n        \n\t\t\t\t<\/div>\n\t\t\t\t<\/div>\n\t\t\t\t\t<\/div>\n\t\t<\/div>\n\t\t\t\t<div class=\"elementor-column elementor-col-50 elementor-top-column elementor-element elementor-element-59d449c elementor-hidden-mobile\" data-id=\"59d449c\" data-element_type=\"column\">\n\t\t\t<div class=\"elementor-widget-wrap elementor-element-populated\">\n\t\t\t\t\t\t<div class=\"elementor-element elementor-element-cd4d538 elementor-widget elementor-widget-image\" data-id=\"cd4d538\" data-element_type=\"widget\" data-widget_type=\"image.default\">\n\t\t\t\t<div class=\"elementor-widget-container\">\n\t\t\t<style>\/*! elementor - v3.19.0 - 28-02-2024 *\/\n.elementor-widget-image{text-align:center}.elementor-widget-image a{display:inline-block}.elementor-widget-image a img[src$=\".svg\"]{width:48px}.elementor-widget-image img{vertical-align:middle;display:inline-block}<\/style>\t\t\t\t\t\t\t\t\t\t<img fetchpriority=\"high\" decoding=\"async\" width=\"1024\" height=\"797\" src=\"https:\/\/www.camping-maltatal.at\/wp-content\/uploads\/2022\/11\/tinywow_riepress679_8808190-1024x797.jpg\" class=\"attachment-large size-large wp-image-439\" alt=\"\" srcset=\"https:\/\/www.camping-maltatal.at\/wp-content\/uploads\/2022\/11\/tinywow_riepress679_8808190-1024x797.jpg 1024w, https:\/\/www.camping-maltatal.at\/wp-content\/uploads\/2022\/11\/tinywow_riepress679_8808190-300x234.jpg 300w, https:\/\/www.camping-maltatal.at\/wp-content\/uploads\/2022\/11\/tinywow_riepress679_8808190-768x598.jpg 768w, https:\/\/www.camping-maltatal.at\/wp-content\/uploads\/2022\/11\/tinywow_riepress679_8808190-1536x1196.jpg 1536w, https:\/\/www.camping-maltatal.at\/wp-content\/uploads\/2022\/11\/tinywow_riepress679_8808190-2048x1594.jpg 2048w, https:\/\/www.camping-maltatal.at\/wp-content\/uploads\/2022\/11\/tinywow_riepress679_8808190-54x42.jpg 54w, https:\/\/www.camping-maltatal.at\/wp-content\/uploads\/2022\/11\/tinywow_riepress679_8808190-103x80.jpg 103w, https:\/\/www.camping-maltatal.at\/wp-content\/uploads\/2022\/11\/tinywow_riepress679_8808190-389x303.jpg 389w, https:\/\/www.camping-maltatal.at\/wp-content\/uploads\/2022\/11\/tinywow_riepress679_8808190-899x700.jpg 899w, https:\/\/www.camping-maltatal.at\/wp-content\/uploads\/2022\/11\/tinywow_riepress679_8808190-1220x950.jpg 1220w, https:\/\/www.camping-maltatal.at\/wp-content\/uploads\/2022\/11\/tinywow_riepress679_8808190-1387x1080.jpg 1387w\" sizes=\"(max-width: 1024px) 100vw, 1024px\" \/>\t\t\t\t\t\t\t\t\t\t\t\t\t<\/div>\n\t\t\t\t<\/div>\n\t\t\t\t<div class=\"elementor-element elementor-element-df5cd52 elementor-widget elementor-widget-menu-anchor\" data-id=\"df5cd52\" data-element_type=\"widget\" data-widget_type=\"menu-anchor.default\">\n\t\t\t\t<div class=\"elementor-widget-container\">\n\t\t\t<style>\/*! elementor - v3.19.0 - 28-02-2024 *\/\nbody.elementor-page .elementor-widget-menu-anchor{margin-bottom:0}<\/style>\t\t<div id=\"begivenheder\" class=\"elementor-menu-anchor\"><\/div>\n\t\t\t\t<\/div>\n\t\t\t\t<\/div>\n\t\t\t\t\t<\/div>\n\t\t<\/div>\n\t\t\t\t\t<\/div>\n\t\t<\/section>\n\t\t\t\t<section class=\"elementor-section elementor-top-section elementor-element elementor-element-2e73a3c elementor-section-boxed elementor-section-height-default elementor-section-height-default\" data-id=\"2e73a3c\" data-element_type=\"section\" data-settings=\"{&quot;background_background&quot;:&quot;classic&quot;}\">\n\t\t\t\t\t\t<div class=\"elementor-container elementor-column-gap-wider\">\n\t\t\t\t\t<div class=\"elementor-column elementor-col-50 elementor-top-column elementor-element elementor-element-e5fed8e\" data-id=\"e5fed8e\" data-element_type=\"column\">\n\t\t\t<div class=\"elementor-widget-wrap elementor-element-populated\">\n\t\t\t\t\t\t<div class=\"elementor-element elementor-element-daf4368 elementor-widget elementor-widget-image\" data-id=\"daf4368\" data-element_type=\"widget\" data-widget_type=\"image.default\">\n\t\t\t\t<div class=\"elementor-widget-container\">\n\t\t\t\t\t\t\t\t\t\t\t\t\t<img decoding=\"async\" width=\"915\" height=\"515\" src=\"https:\/\/www.camping-maltatal.at\/wp-content\/uploads\/2023\/01\/Events-Camping-Maltatal-915x515.webp\" class=\"attachment-th_img_lg size-th_img_lg wp-image-1544\" alt=\"\" srcset=\"https:\/\/www.camping-maltatal.at\/wp-content\/uploads\/2023\/01\/Events-Camping-Maltatal-915x515.webp 915w, https:\/\/www.camping-maltatal.at\/wp-content\/uploads\/2023\/01\/Events-Camping-Maltatal-300x169.webp 300w, https:\/\/www.camping-maltatal.at\/wp-content\/uploads\/2023\/01\/Events-Camping-Maltatal-1024x576.webp 1024w, https:\/\/www.camping-maltatal.at\/wp-content\/uploads\/2023\/01\/Events-Camping-Maltatal-768x432.webp 768w, https:\/\/www.camping-maltatal.at\/wp-content\/uploads\/2023\/01\/Events-Camping-Maltatal-1536x864.webp 1536w, https:\/\/www.camping-maltatal.at\/wp-content\/uploads\/2023\/01\/Events-Camping-Maltatal-75x42.webp 75w, https:\/\/www.camping-maltatal.at\/wp-content\/uploads\/2023\/01\/Events-Camping-Maltatal-142x80.webp 142w, https:\/\/www.camping-maltatal.at\/wp-content\/uploads\/2023\/01\/Events-Camping-Maltatal-394x222.webp 394w, https:\/\/www.camping-maltatal.at\/wp-content\/uploads\/2023\/01\/Events-Camping-Maltatal-1240x698.webp 1240w, https:\/\/www.camping-maltatal.at\/wp-content\/uploads\/2023\/01\/Events-Camping-Maltatal.webp 1920w, https:\/\/www.camping-maltatal.at\/wp-content\/uploads\/2023\/01\/Events-Camping-Maltatal-600x338.webp 600w\" sizes=\"(max-width: 915px) 100vw, 915px\" \/>\t\t\t\t\t\t\t\t\t\t\t\t\t<\/div>\n\t\t\t\t<\/div>\n\t\t\t\t\t<\/div>\n\t\t<\/div>\n\t\t\t\t<div class=\"elementor-column elementor-col-50 elementor-top-column elementor-element elementor-element-c7cbdb8\" data-id=\"c7cbdb8\" data-element_type=\"column\">\n\t\t\t<div class=\"elementor-widget-wrap elementor-element-populated\">\n\t\t\t\t\t\t<div class=\"elementor-element elementor-element-899a628 elementor-widget elementor-widget-heading\" data-id=\"899a628\" data-element_type=\"widget\" data-widget_type=\"heading.default\">\n\t\t\t\t<div class=\"elementor-widget-container\">\n\t\t\t<h3 class=\"elementor-heading-title elementor-size-default\">Begivenheder:<\/h3>\t\t<\/div>\n\t\t\t\t<\/div>\n\t\t\t\t<div class=\"elementor-element elementor-element-cfc8ffd elementor-widget__width-initial elementor-widget elementor-widget-text-editor\" data-id=\"cfc8ffd\" data-element_type=\"widget\" data-widget_type=\"text-editor.default\">\n\t\t\t\t<div class=\"elementor-widget-container\">\n\t\t\t\t\t\t\t<p style=\"font-weight: 400;\"><strong>MaKatschMusi:<\/strong><\/p>\n<ul style=\"font-weight: 400;\">\n<li>Tirsdag 30. juni 2026<\/li>\n<li>Tirsdag 14. juli 2026<\/li>\n<li>Tirsdag 11. august 2026<\/li>\n<\/ul>\n<p style=\"font-weight: 400;\"><strong>Trachtenkapelle Maltatal:<\/strong><\/p>\n<ul style=\"font-weight: 400;\">\n<li>Fredag 10. juli 2026<\/li>\n<li>Fredag 31. juli 2026<\/li>\n<li>Fredag 21. august 2026<\/li>\n<\/ul>\n<p style=\"font-weight: 400;\"><strong>Die P\u00f6lly\u00b4s:<\/strong><\/p>\n<ul style=\"font-weight: 400;\">\n<li>Fredag 24. juli 2026<\/li>\n<li>Fredag 7. august 2026<\/li>\n<li>Fredag 28. august 2026<\/li>\n<\/ul>\n<p><strong>Yderligere datoer til information:<\/strong><\/p>\n<ul>\n<li>M\u00e5ltinger Kirchtag: S\u00f8ndag den 16. august 2026<\/li>\n<li>Yderligere datoer for 2026 f\u00f8lger<\/li>\n<\/ul>\n\t\t\t\t\t\t<\/div>\n\t\t\t\t<\/div>\n\t\t\t\t\t<\/div>\n\t\t<\/div>\n\t\t\t\t\t<\/div>\n\t\t<\/section>\n\t\t\t\t<\/div>\n\t\t","protected":false},"excerpt":{"rendered":"<p>vores restaurant Vores restaurant er fra den 25. april 2026 igen \u00e5ben hver dag fra torsdag til tirsdag (lukket om onsdagen). Velsmagende mad Vores restaurant tilbyder fine retter og er popul\u00e6r ikke kun blandt g\u00e6sterne, men ogs\u00e5 blandt de lokale. &hellip; <a href=\"https:\/\/www.camping-maltatal.at\/da\/restaurant\/\">Read More<\/a><\/p>\n","protected":false},"author":1,"featured_media":0,"parent":0,"menu_order":68,"comment_status":"closed","ping_status":"closed","template":"","meta":{"footnotes":""},"class_list":["post-3893","page","type-page","status-publish","hentry"],"_links":{"self":[{"href":"https:\/\/www.camping-maltatal.at\/da\/wp-json\/wp\/v2\/pages\/3893","targetHints":{"allow":["GET"]}}],"collection":[{"href":"https:\/\/www.camping-maltatal.at\/da\/wp-json\/wp\/v2\/pages"}],"about":[{"href":"https:\/\/www.camping-maltatal.at\/da\/wp-json\/wp\/v2\/types\/page"}],"author":[{"embeddable":true,"href":"https:\/\/www.camping-maltatal.at\/da\/wp-json\/wp\/v2\/users\/1"}],"replies":[{"embeddable":true,"href":"https:\/\/www.camping-maltatal.at\/da\/wp-json\/wp\/v2\/comments?post=3893"}],"version-history":[{"count":56,"href":"https:\/\/www.camping-maltatal.at\/da\/wp-json\/wp\/v2\/pages\/3893\/revisions"}],"predecessor-version":[{"id":20947,"href":"https:\/\/www.camping-maltatal.at\/da\/wp-json\/wp\/v2\/pages\/3893\/revisions\/20947"}],"wp:attachment":[{"href":"https:\/\/www.camping-maltatal.at\/da\/wp-json\/wp\/v2\/media?parent=3893"}],"curies":[{"name":"wp","href":"https:\/\/api.w.org\/{rel}","templated":true}]}}