{"id":3727,"date":"2021-12-31T21:31:17","date_gmt":"2021-12-31T20:31:17","guid":{"rendered":"https:\/\/www.camping-maltatal.at\/vilkaar-og-betingelser\/"},"modified":"2025-09-18T14:40:50","modified_gmt":"2025-09-18T12:40:50","slug":"vilkaar-og-betingelser","status":"publish","type":"page","link":"https:\/\/www.camping-maltatal.at\/da\/vilkaar-og-betingelser\/","title":{"rendered":"Tryk"},"content":{"rendered":"\t\t<div data-elementor-type=\"wp-page\" data-elementor-id=\"3727\" class=\"elementor elementor-3727 elementor-80\">\n\t\t\t\t\t\t<section class=\"elementor-section elementor-top-section elementor-element elementor-element-ae77943 elementor-section-height-min-height elementor-section-boxed elementor-section-height-default elementor-section-items-middle\" data-id=\"ae77943\" data-element_type=\"section\" data-settings=\"{&quot;background_background&quot;:&quot;slideshow&quot;,&quot;background_slideshow_gallery&quot;:[{&quot;id&quot;:1905,&quot;url&quot;:&quot;https:\\\/\\\/www.camping-maltatal.at\\\/wp-content\\\/uploads\\\/2023\\\/02\\\/tinywow_IMG_2577_13479359-scaled.webp&quot;}],&quot;background_slideshow_loop&quot;:&quot;yes&quot;,&quot;background_slideshow_slide_duration&quot;:5000,&quot;background_slideshow_slide_transition&quot;:&quot;fade&quot;,&quot;background_slideshow_transition_duration&quot;:500}\">\n\t\t\t\t\t\t<div class=\"elementor-container elementor-column-gap-default\">\n\t\t\t\t\t<div class=\"elementor-column elementor-col-100 elementor-top-column elementor-element elementor-element-60f53bf\" data-id=\"60f53bf\" data-element_type=\"column\">\n\t\t\t<div class=\"elementor-widget-wrap elementor-element-populated\">\n\t\t\t\t\t\t<div class=\"elementor-element elementor-element-e3fa808 elementor-view-default elementor-position-top elementor-widget elementor-widget-themo-header\" data-id=\"e3fa808\" data-element_type=\"widget\" data-widget_type=\"themo-header.default\">\n\t\t\t\t<div class=\"elementor-widget-container\">\n\t\t\t\t\t<div class=\"th-header-wrap\">\n        <div class=\"elementor-icon-box-wrapper \">\n                            <div class=\"elementor-icon-box-content\">\n                    <h1 class=\"elementor-icon-box-title\">\n                        Tryk                    <\/h1>\n                                            <span class=\"th-header-divider\"><\/span>\n                                        <p class=\"elementor-icon-box-description\"><\/p>\n\n                                    <\/div>\n            <\/div>\n\n        <\/div>\n\n\t\t\t\t<\/div>\n\t\t\t\t<\/div>\n\t\t\t\t\t<\/div>\n\t\t<\/div>\n\t\t\t\t\t<\/div>\n\t\t<\/section>\n\t\t\t\t<section class=\"elementor-section elementor-top-section elementor-element elementor-element-51249cd2 elementor-section-boxed elementor-section-height-default elementor-section-height-default\" data-id=\"51249cd2\" data-element_type=\"section\" data-settings=\"{&quot;background_background&quot;:&quot;classic&quot;}\">\n\t\t\t\t\t\t<div class=\"elementor-container elementor-column-gap-default\">\n\t\t\t\t\t<div class=\"elementor-column elementor-col-100 elementor-top-column elementor-element elementor-element-1986d565\" data-id=\"1986d565\" data-element_type=\"column\">\n\t\t\t<div class=\"elementor-widget-wrap elementor-element-populated\">\n\t\t\t\t\t\t<div class=\"elementor-element elementor-element-785f39e4 elementor-widget elementor-widget-text-editor\" data-id=\"785f39e4\" data-element_type=\"widget\" data-widget_type=\"text-editor.default\">\n\t\t\t\t<div class=\"elementor-widget-container\">\n\t\t\t<style>\/*! elementor - v3.19.0 - 28-02-2024 *\/\n.elementor-widget-text-editor.elementor-drop-cap-view-stacked .elementor-drop-cap{background-color:#69727d;color:#fff}.elementor-widget-text-editor.elementor-drop-cap-view-framed .elementor-drop-cap{color:#69727d;border:3px solid;background-color:transparent}.elementor-widget-text-editor:not(.elementor-drop-cap-view-default) .elementor-drop-cap{margin-top:8px}.elementor-widget-text-editor:not(.elementor-drop-cap-view-default) .elementor-drop-cap-letter{width:1em;height:1em}.elementor-widget-text-editor .elementor-drop-cap{float:left;text-align:center;line-height:1;font-size:50px}.elementor-widget-text-editor .elementor-drop-cap-letter{display:inline-block}<\/style>\t\t\t\t<div class=\"tz-col-lg-12\">\n<div class=\"atc-introtext\">\n<h2><strong><a href=\"https:\/\/www.wkoecg.at\/Web\/Ecg.aspx?FirmaID=f4bf8a36-aa89-4951-92e8-73d86bacbe73\" target=\"_blank\" rel=\"noopener\">Camping Maltatal GmbH<br \/>Terrassencamping &amp; Hotel Maltatal<\/a><\/strong><\/h2>\n<p>GF Pirker Andreas<br \/>Malta 6<br \/>A-9854 Malta (K\u00e4rnten)<br \/>Telefon: +43(0)4733\/2340<br \/>Fax: +43(0)4733\/23416<br \/>E-Mail: <a href=\"mailto:info@maltacamp.at\">info@maltacamp.at<\/a><br \/><strong>Aufsichtsbeh\u00f6rde:<\/strong> Bezirkshauptmannschaft Spittal a.d. Drau<br \/><strong>Fachgruppe:<\/strong> Mitglied der WK K\u00e4rnten \/ FG Freizeitbetriebe, Allg.Fachgruppe, FG Gastronomie, FG Hotellerie<br \/><strong>FB-Nummer:<\/strong> 333958s<br \/><strong>ATU 65 19 52 46<\/strong><\/p>\n<p><a href=\"https:\/\/www.wkoecg.at\/Web\/Ecg.aspx?FirmaID=f4bf8a36-aa89-4951-92e8-73d86bacbe73\" target=\"_blank\" rel=\"noopener\"><img decoding=\"async\" src=\"https:\/\/www.camping-maltatal.at\/images\/image001.gif\" alt=\"image001\"><\/a><\/p>\n<h2 id=\"\">Grundl\u00e6ggende retning:<\/h2>\n<p>Terrassencamping und Hotel Maltatal&#8217;s hjemmeside er en informations- og servicefacilitet for kunder og den interesserede offentlighed.<\/p>\n<h2 id=\"\">Design og teknisk implementering:<\/h2>\n<p>Net4You Internet GmbH<br \/>Tiroler Strasse 80<br \/>A-9500 Villach<br \/>Tel.: +43 (0)4242-5005-0<br \/>Fax: + 43 (0)4242-5005-5<br \/>e-mail: <a href=\"mailto:office@net4you.net\">office@net4you.net<\/a><br \/>Homepage: <a href=\"http:\/\/www.net4you.net\/\">http:\/\/www.net4you.net<\/a><br \/>UID: ATU38694105<br \/>Gerichtsstand: Villach<br \/>Firmenbuchgericht: Villach<\/p>\n<h2>Betingelser for brug<\/h2>\n<p>Indholdet af dette websted kan frit anvendes og er kun til oplysningsform\u00e5l. Brugen af valgmulighederne p\u00e5 webstedet medf\u00f8rer ikke nogen juridiske transaktioner mellem ejeren og brugerne. Den videre fremgangsm\u00e5de mellem udbydere og brugere og den eventuelle senere indg\u00e5else af aftaler mellem udbydere og brugere er udelukkende op til brugerne.<br \/>Rettighederne til indholdet og billederne tilh\u00f8rer Camping Maltatal GmbH!<\/p>\n<h2 id=\"\">Copyright \/ ansvarsfraskrivelse<\/h2>\n<p>P\u00e5 grund af Internettets tekniske karakteristika kan der ikke gives nogen garanti for \u00e6gthed, korrekthed og fuldst\u00e6ndighed af de oplysninger, der gives p\u00e5 Internettet. Der gives heller ingen garanti for tilg\u00e6ngeligheden eller driften af den p\u00e5g\u00e6ldende hjemmeside og dens indhold.<\/p>\n<p>Ethvert ansvar for direkte, indirekte eller andre skader, uanset \u00e5rsagen, der opst\u00e5r som f\u00f8lge af brugen eller manglende adgang til data og oplysninger p\u00e5 denne hjemmeside, er udelukket i det omfang, det er tilladt ved lov.<\/p>\n<p>Indholdet af denne hjemmeside er beskyttet af ophavsretten. Oplysningerne er kun til personlig brug. Enhver videre anvendelse, is\u00e6r lagring i databaser, kopiering og enhver form for kommerciel anvendelse samt videregivelse til tredjemand &#8211; ogs\u00e5 i dele eller i \u00e6ndret form &#8211; er forbudt uden tilladelse fra ejeren af webstedet.<\/p>\n<p>Hyperlinks til denne weblog er velkomne. Det er forbudt at integrere enkelte sider af vores tilbud i eksterne rammer, ligesom det er forbudt at stille vores RSS-feed til r\u00e5dighed p\u00e5 eksterne sider.<\/p>\n<h2>Databeskyttelse<\/h2>\n<p>I det omfang der indsamles personlige data (f.eks. navn, adresse eller e-mailadresser) p\u00e5 vores sider, sker det s\u00e5 vidt muligt altid p\u00e5 frivillig basis. Det er s\u00e5 vidt muligt altid muligt at benytte tilbuddene og tjenesterne uden at oplyse personlige oplysninger.<\/p>\n<p>Det er udtrykkeligt forbudt at tredjeparter anvender de kontaktoplysninger, der er offentliggjort inden for rammerne af forpligtelsen til at anvende aftrykkelsespligten, til at sende reklame- og informationsmateriale, der ikke udtrykkeligt er anmodet om det. Sidernes operat\u00f8rer forbeholder sig udtrykkeligt retten til at tage retslige skridt i tilf\u00e6lde af uopfordret fremsendelse af reklameinformation, f.eks. i form af spam-mails.<\/p>\n<p>Vi g\u00f8r opm\u00e6rksom p\u00e5, at softwareprogrammet &#8220;Google Analytics&#8221; anvendes til den statistiske evaluering af dette websted. Derfor kan din IP-adresse og den tid, du bruger p\u00e5 dette websted, blive gemt af Google i forbindelse med denne statistiske analyse.<\/p>\n<h2 id=\"\">Ansvar for links<\/h2>\n<p>Denne weblog indeholder links til eksterne websteder fra tredjeparter, hvis indhold vi ikke har nogen indflydelse p\u00e5. Vi kan derfor ikke p\u00e5tage os noget ansvar for dette eksterne indhold. Den respektive udbyder eller operat\u00f8r af siderne er altid ansvarlig for indholdet af de linkede sider. De linkede sider blev kontrolleret for eventuelle lovovertr\u00e6delser p\u00e5 tidspunktet for linkningen. Ulovligt indhold var ikke genkendeligt p\u00e5 tidspunktet for linkingen. En permanent kontrol af indholdet af de linkede sider er dog ikke rimelig uden konkrete tegn p\u00e5 overtr\u00e6delse af loven. Hvis vi bliver opm\u00e6rksomme p\u00e5 overtr\u00e6delser af loven, fjerner vi straks s\u00e5danne links.<\/p>\n<\/div>\n<\/div>\n\t\t\t\t\t\t<\/div>\n\t\t\t\t<\/div>\n\t\t\t\t\t<\/div>\n\t\t<\/div>\n\t\t\t\t\t<\/div>\n\t\t<\/section>\n\t\t\t\t<\/div>\n\t\t","protected":false},"excerpt":{"rendered":"<p>Tryk Camping Maltatal GmbHTerrassencamping &amp; Hotel Maltatal GF Pirker AndreasMalta 6A-9854 Malta (K\u00e4rnten)Telefon: +43(0)4733\/2340Fax: +43(0)4733\/23416E-Mail: info@maltacamp.atAufsichtsbeh\u00f6rde: Bezirkshauptmannschaft Spittal a.d. DrauFachgruppe: Mitglied der WK K\u00e4rnten \/ FG Freizeitbetriebe, Allg.Fachgruppe, FG Gastronomie, FG HotellerieFB-Nummer: 333958sATU 65 19 52 46 Grundl\u00e6ggende retning: Terrassencamping &hellip; <a href=\"https:\/\/www.camping-maltatal.at\/da\/vilkaar-og-betingelser\/\">Read More<\/a><\/p>\n","protected":false},"author":1,"featured_media":0,"parent":0,"menu_order":60,"comment_status":"closed","ping_status":"closed","template":"","meta":{"footnotes":""},"class_list":["post-3727","page","type-page","status-publish","hentry"],"_links":{"self":[{"href":"https:\/\/www.camping-maltatal.at\/da\/wp-json\/wp\/v2\/pages\/3727","targetHints":{"allow":["GET"]}}],"collection":[{"href":"https:\/\/www.camping-maltatal.at\/da\/wp-json\/wp\/v2\/pages"}],"about":[{"href":"https:\/\/www.camping-maltatal.at\/da\/wp-json\/wp\/v2\/types\/page"}],"author":[{"embeddable":true,"href":"https:\/\/www.camping-maltatal.at\/da\/wp-json\/wp\/v2\/users\/1"}],"replies":[{"embeddable":true,"href":"https:\/\/www.camping-maltatal.at\/da\/wp-json\/wp\/v2\/comments?post=3727"}],"version-history":[{"count":12,"href":"https:\/\/www.camping-maltatal.at\/da\/wp-json\/wp\/v2\/pages\/3727\/revisions"}],"predecessor-version":[{"id":18878,"href":"https:\/\/www.camping-maltatal.at\/da\/wp-json\/wp\/v2\/pages\/3727\/revisions\/18878"}],"wp:attachment":[{"href":"https:\/\/www.camping-maltatal.at\/da\/wp-json\/wp\/v2\/media?parent=3727"}],"curies":[{"name":"wp","href":"https:\/\/api.w.org\/{rel}","templated":true}]}}