{"id":3511,"date":"2022-10-25T12:51:18","date_gmt":"2022-10-25T10:51:18","guid":{"rendered":"https:\/\/www.camping-maltatal.at\/politik-om-beskyttelse-af-personlige-oplysninger\/"},"modified":"2025-09-18T14:39:32","modified_gmt":"2025-09-18T12:39:32","slug":"politik-om-beskyttelse-af-personlige-oplysninger","status":"publish","type":"page","link":"https:\/\/www.camping-maltatal.at\/da\/politik-om-beskyttelse-af-personlige-oplysninger\/","title":{"rendered":"Politik om beskyttelse af personlige oplysninger"},"content":{"rendered":"\t\t<div data-elementor-type=\"wp-page\" data-elementor-id=\"3511\" class=\"elementor elementor-3511 elementor-3\">\n\t\t\t\t\t\t<section class=\"elementor-section elementor-top-section elementor-element elementor-element-f2667e6 elementor-section-height-min-height elementor-section-boxed elementor-section-height-default elementor-section-items-middle\" data-id=\"f2667e6\" data-element_type=\"section\" data-settings=\"{&quot;background_background&quot;:&quot;classic&quot;}\">\n\t\t\t\t\t\t<div class=\"elementor-container elementor-column-gap-default\">\n\t\t\t\t\t<div class=\"elementor-column elementor-col-100 elementor-top-column elementor-element elementor-element-7f5fe886\" data-id=\"7f5fe886\" data-element_type=\"column\">\n\t\t\t<div class=\"elementor-widget-wrap elementor-element-populated\">\n\t\t\t\t\t\t<div class=\"elementor-element elementor-element-456571a elementor-view-default elementor-position-top elementor-widget elementor-widget-themo-header\" data-id=\"456571a\" data-element_type=\"widget\" data-widget_type=\"themo-header.default\">\n\t\t\t\t<div class=\"elementor-widget-container\">\n\t\t\t\t\t<div class=\"th-header-wrap\">\n        <div class=\"elementor-icon-box-wrapper \">\n                            <div class=\"elementor-icon-box-content\">\n                    <h1 class=\"elementor-icon-box-title\">\n                        Politik om beskyttelse af personlige oplysninger                    <\/h1>\n                                            <span class=\"th-header-divider\"><\/span>\n                                        <p class=\"elementor-icon-box-description\"><\/p>\n\n                                    <\/div>\n            <\/div>\n\n        <\/div>\n\n\t\t\t\t<\/div>\n\t\t\t\t<\/div>\n\t\t\t\t\t<\/div>\n\t\t<\/div>\n\t\t\t\t\t<\/div>\n\t\t<\/section>\n\t\t\t\t<section class=\"elementor-section elementor-top-section elementor-element elementor-element-2eacfa93 elementor-section-boxed elementor-section-height-default elementor-section-height-default\" data-id=\"2eacfa93\" data-element_type=\"section\" data-settings=\"{&quot;background_background&quot;:&quot;classic&quot;}\">\n\t\t\t\t\t\t<div class=\"elementor-container elementor-column-gap-default\">\n\t\t\t\t\t<div class=\"elementor-column elementor-col-100 elementor-top-column elementor-element elementor-element-22485deb\" data-id=\"22485deb\" data-element_type=\"column\">\n\t\t\t<div class=\"elementor-widget-wrap elementor-element-populated\">\n\t\t\t\t\t\t<div class=\"elementor-element elementor-element-2c069250 elementor-widget elementor-widget-text-editor\" data-id=\"2c069250\" data-element_type=\"widget\" data-widget_type=\"text-editor.default\">\n\t\t\t\t<div class=\"elementor-widget-container\">\n\t\t\t<style>\/*! elementor - v3.19.0 - 28-02-2024 *\/\n.elementor-widget-text-editor.elementor-drop-cap-view-stacked .elementor-drop-cap{background-color:#69727d;color:#fff}.elementor-widget-text-editor.elementor-drop-cap-view-framed .elementor-drop-cap{color:#69727d;border:3px solid;background-color:transparent}.elementor-widget-text-editor:not(.elementor-drop-cap-view-default) .elementor-drop-cap{margin-top:8px}.elementor-widget-text-editor:not(.elementor-drop-cap-view-default) .elementor-drop-cap-letter{width:1em;height:1em}.elementor-widget-text-editor .elementor-drop-cap{float:left;text-align:center;line-height:1;font-size:50px}.elementor-widget-text-editor .elementor-drop-cap-letter{display:inline-block}<\/style>\t\t\t\t<h2>Politik om beskyttelse af personlige oplysninger<\/h2>\n<p><span style=\"font-weight: 400;\">EU&#8217;s generelle databeskyttelsesforordning, databeskyttelsesloven fra 2000 og loven om \u00e6ndring af databeskyttelsesloven fra 2018 tjener retten til beskyttelse af personlige oplysninger.<\/span><\/p>\n<p><span style=\"font-weight: 400;\">Vi behandler dine data udelukkende p\u00e5 grundlag af de lovm\u00e6ssige bestemmelser (DSGVO, DSG 2018, TKG 2003).<\/span><\/p>\n<ol>\n<li><b>  Grundl\u00e6ggende<\/b><\/li>\n<\/ol>\n<p><span style=\"font-weight: 400;\">Ansvarlig for indholdet p\u00e5 denne side er Camping Maltatal, Malta 6<\/span><\/p>\n<p><span style=\"font-weight: 400;\">9854 Malta, K\u00e4rnten, \u00d8strig.<\/span><\/p>\n<p><span style=\"font-weight: 400;\">Vi er s\u00e6rligt optaget af at beskytte og opbevare alle de personlige oplysninger, som du overlader til os. Dette dokument fort\u00e6ller dig mere om, hvordan vi bruger og behandler dine personlige oplysninger.<\/span><\/p>\n<ol start=\"2\">\n<li><b>  Form\u00e5lsbegr\u00e6nsning, retsgrundlag og opbevaringsperiode<\/b><\/li>\n<\/ol>\n<p><span style=\"font-weight: 400;\">Vi har brug for de indsamlede personoplysninger til opfyldelse af kontrakten, fakturering, h\u00e5ndh\u00e6velse af kontraktm\u00e6ssige krav, til kundeservice og til reklameform\u00e5l. Oplysningerne indsamles, opbevares, behandles og anvendes til dette form\u00e5l.<\/span><\/p>\n<p><span style=\"font-weight: 400;\">Retsgrundlaget for behandlingen af dine personoplysninger er p\u00e5 den ene side opfyldelse af kontrakter, legitime interesser, opfyldelse af vores juridiske eller kontraktm\u00e6ssige forpligtelser og p\u00e5 den anden side dit samtykke (f.eks. kontaktformular, nyhedsbrev, cookies). Hvis oplysningerne ikke leveres, kan det f\u00e5 forskellige konsekvenser.<\/span><\/p>\n<p><span style=\"font-weight: 400;\">Vi behandler dine personoplysninger i det omfang, det er n\u00f8dvendigt, i hele forretningsforbindelsens varighed (fra indledning og behandling til oph\u00f8r af en kontrakt) og derudover i overensstemmelse med de lovbestemte opbevaringsperioder.<\/span><\/p>\n<p><span style=\"font-weight: 400;\">I forbindelse med driften af vores websteder giver vi forarbejdningsvirksomheder som f.eks. softwareleverand\u00f8rer, der kan f\u00e5 adgang til dine personoplysninger i forbindelse med deres aktiviteter, hvis de har brug for oplysningerne for at udf\u00f8re deres respektive tjenester. De har forpligtet sig til at overholde de g\u00e6ldende databeskyttelsesbestemmelser over for os.<\/span><\/p>\n<p><b>2.1. Kontaktformular<\/b><\/p>\n<p><span style=\"font-weight: 400;\">Dine oplysninger, herunder personlige data fra vores kontaktformular, vil blive overf\u00f8rt til os via vores egen mailserver, behandlet og gemt med henblik p\u00e5 at behandle din foresp\u00f8rgsel. Disse oplysninger vil ikke blive indsamlet eller videregivet uden dit samtykke. Uden disse oplysninger kan vi ikke behandle dine henvendelser.<\/span><\/p>\n<p><span style=\"font-weight: 400;\">Databehandlingen foretages p\u00e5 grundlag af lovbestemmelserne i \u00a7 96 stk. 3 i TKG og artikel 6 stk. 1 litra a (samtykke) i DSGVO.<\/span><\/p>\n<p><b>2.2. Nyhedsbrev<\/b><\/p>\n<p><span style=\"font-weight: 400;\">Du kan tilmelde dig vores nyhedsbrev p\u00e5 vores websted.<\/span><\/p>\n<p><span style=\"font-weight: 400;\">Du kan til enhver tid afmelde dig nyhedsbrevet ved at klikke p\u00e5 afmeldingslinket i slutningen af hvert nyhedsbrev.<\/span><\/p>\n<p><span style=\"font-weight: 400;\">Vi bestiller processorer til at udsende vores nyhedsbrev. De har forpligtet sig til at overholde de g\u00e6ldende databeskyttelsesbestemmelser over for os.<\/span><\/p>\n<p><b>2.3. Cookies<\/b><\/p>\n<p><span style=\"font-weight: 400;\">Cookies er sm\u00e5 filer, der g\u00f8r det muligt for dette websted at gemme specifikke oplysninger om brugeren p\u00e5 den bes\u00f8gendes computer, mens han\/hun bes\u00f8ger vores websted. Cookies hj\u00e6lper os med at bestemme hyppigheden af brugen og antallet af brugere af vores internetsider samt med at udforme vores tilbud til dig p\u00e5 en behagelig og effektiv m\u00e5de. Vi bruger sessionscookies, som kun lagres i cachen, s\u00e5 l\u00e6nge du bruger vores websted, og permanente cookies til at gemme oplysninger om bes\u00f8gende, der gentagne gange bes\u00f8ger vores websted. Form\u00e5let med brugen af disse cookies er at kunne tilbyde en optimal brugeroplevelse samt at kunne genkende de bes\u00f8gende og at kunne pr\u00e6sentere et s\u00e5 attraktivt websted som muligt og interessant indhold i tilf\u00e6lde af gentagen brug. Indholdet af en permanent cookie er begr\u00e6nset til et identifikationsnummer. Navn, IP-adresse osv. gemmes ikke. Der foretages ingen individuel profilering af din brugsadf\u00e6rd. Det er ogs\u00e5 muligt at bruge vores tilbud uden cookies. Du kan deaktivere lagring af cookies i din browser, begr\u00e6nse den til bestemte websteder eller indstille din webbrowser (Chrome, IE, Firefox,&#8230;), s\u00e5 den giver dig besked, s\u00e5 snart en cookie sendes. Du kan ogs\u00e5 til enhver tid slette cookies fra din pc&#8217;s harddisk. Bem\u00e6rk dog, at du i dette tilf\u00e6lde m\u00e5 forvente en begr\u00e6nset visning af siden og begr\u00e6nset brugervejledning.<\/span><\/p>\n<p><b>2.4. Fortrolighedspolitik for brug af Google Analytics<\/b><\/p>\n<p><span style=\"font-weight: 400;\">Dette websted bruger Google Analytics, en webanalysetjeneste, der leveres af Google, Inc. (&#8220;Google&#8221;). Google Analytics bruger &#8220;cookies&#8221;, som er tekstfiler, der placeres p\u00e5 din computer, til at hj\u00e6lpe webstedet med at analysere, hvordan brugerne bruger webstedet. De oplysninger, der genereres af cookien om din brug af dette websted, overf\u00f8res normalt til en Google-server i USA og gemmes der. Hvis IP-anonymisering er aktiveret p\u00e5 dette websted, vil din IP-adresse dog blive afkortet p\u00e5 forh\u00e5nd af Google i EU-medlemsstater eller i andre kontraherende stater til aftalen om Det Europ\u00e6iske \u00d8konomiske Samarbejdsomr\u00e5de. Kun i undtagelsestilf\u00e6lde vil den fulde IP-adresse blive overf\u00f8rt til en Google-server i USA og forkortet der. P\u00e5 vegne af operat\u00f8ren af dette websted vil Google bruge disse oplysninger til at evaluere din brug af webstedet, udarbejde rapporter om webstedsaktivitet og levere andre tjenester vedr\u00f8rende webstedsaktivitet og internetbrug til webstedsoperat\u00f8ren. Den IP-adresse, som din browser overf\u00f8rer som en del af Google Analytics, vil ikke blive sl\u00e5et sammen med andre Google-data. Du kan afvise brugen af cookies ved at v\u00e6lge de relevante indstillinger i din browser, men v\u00e6r opm\u00e6rksom p\u00e5, at hvis du g\u00f8r dette, kan du muligvis ikke bruge alle funktionerne p\u00e5 dette websted. Du kan ogs\u00e5 forhindre, at Google indsamler data genereret af cookien og relateret til din brug af hjemmesiden (herunder din IP-adresse) og at Google behandler disse data ved at downloade og installere det browser-plugin, der er tilg\u00e6ngeligt p\u00e5 f\u00f8lgende link (http:\/\/tools.google.com\/dlpage\/gaoptout?hl=de).<\/span><\/p>\n<p><span style=\"font-weight: 400;\">Du kan f\u00e5 flere oplysninger om brugsbetingelser og databeskyttelse p\u00e5 http:\/\/www.google.com\/analytics\/terms\/de.html eller https:\/\/support.google.com\/analytics\/answer\/6004245?hl=de. Vi g\u00f8r opm\u00e6rksom p\u00e5, at koden &#8220;gat._anonymizeIp();&#8221; er blevet tilf\u00f8jet til Google Analytics p\u00e5 dette websted for at sikre anonymiseret indsamling af IP-adresser (s\u00e5kaldt IP-maskering).<\/span><\/p>\n<p><b>2.5. Privatlivspolitik for brug af Facebook<\/b><\/p>\n<p><span style=\"font-weight: 400;\">Plugins fra det sociale netv\u00e6rk Facebook, 1601 South California Avenue, Palo Alto, CA 94304, USA, er integreret p\u00e5 vores sider. Du kan genkende Facebook-plugins ved at se Facebook-logoet eller &#8220;Synes godt om&#8221;-knappen p\u00e5 vores websted. Du kan finde en oversigt over Facebook-plugins her: https:\/\/developers.facebook.com\/docs\/plugins\/.<\/span><\/p>\n<p><span style=\"font-weight: 400;\">N\u00e5r du bes\u00f8ger vores sider, oprettes der en direkte forbindelse mellem din browser og Facebook-serveren via plugin&#8217;et. Facebook modtager derved oplysninger om, at du har bes\u00f8gt vores websted med din IP-adresse. Hvis du klikker p\u00e5 Facebook-knappen &#8220;Synes godt om&#8221;, mens du er logget ind p\u00e5 din Facebook-konto, kan du linke indholdet af vores sider til din Facebook-profil. Dette g\u00f8r det muligt for Facebook at tilknytte bes\u00f8get p\u00e5 vores sider til din brugerkonto. Vi vil gerne p\u00e5pege, at vi som udbyder af siderne ikke har kendskab til indholdet af de overf\u00f8rte data eller Facebooks brug af dem. Du kan finde flere oplysninger om dette i Facebooks privatlivspolitik p\u00e5 https:\/\/www.facebook.com\/policy.php. Hvis du ikke \u00f8nsker, at Facebook skal kunne knytte dit bes\u00f8g p\u00e5 vores sider til din Facebook-brugerkonto, skal du logge ud af din Facebook-brugerkonto.<\/span><\/p>\n<p><b>2.5.1. Facebook-pixel til sporing af konvertering  <\/b><\/p>\n<p><span style=\"font-weight: 400;\">Ved at logge ind p\u00e5 facebook.com har du givet dit samtykke til Conversion Tracking Pixel-tjenesten, der leveres af Facebook, Inc, 1601 S. California Ave, Palo Alto, CA 94304, USA (&#8220;Facebook&#8221;). Dette g\u00f8r det muligt for Facebook at spore brugernes handlinger, efter at de er blevet omdirigeret til en udbyders websted ved at klikke p\u00e5 en Facebook-annonce. Dette g\u00f8r det muligt for Facebook at bestemme effektiviteten af Facebook-annoncer til statistiske og markedsunders\u00f8gelsesform\u00e5l. De indsamlede data forbliver anonyme. Det betyder, at de enkelte brugeres data ikke kan ses. De indsamlede data gemmes og behandles dog af Facebook. Vi vil informere dig om dette sp\u00f8rgsm\u00e5l i henhold til vores aktuelle oplysninger. Facebook kan sammenk\u00e6de disse data med dine Facebook-kontodata og bruge disse data til egne reklameform\u00e5l i henhold til Facebooks datapolitik https:\/\/www.facebook.com\/about\/privacy\/. Facebook Conversion Tracking g\u00f8r det ogs\u00e5 muligt for Facebook og dets partnere at vise dig annoncer inden for og uden for Facebook.<\/span><\/p>\n<p><span style=\"font-weight: 400;\">Du kan f\u00e5 flere oplysninger p\u00e5 https:\/\/www.facebook.com\/ads\/website_custom_audiences\/<\/span><\/p>\n<p><span style=\"font-weight: 400;\"> <\/span><\/p>\n<p><b>2.6. Politik for beskyttelse af personlige oplysninger i forbindelse med brugen af Instagram<\/b><\/p>\n<p><span style=\"font-weight: 400;\">Funktionerne i Instagram-tjenesten er integreret p\u00e5 vores websted. Disse funktioner tilbydes af Instagram Inc., 1601 Willow Road, Menlo Park, CA, 94025, USA. Hvis du er logget ind p\u00e5 din Instagram-konto, kan du linke indholdet p\u00e5 vores sider til din Instagram-profil ved at klikke p\u00e5 Instagram-knappen. Dette g\u00f8r det muligt for Instagram at knytte bes\u00f8get p\u00e5 vores sider til din brugerkonto. Vi g\u00f8r opm\u00e6rksom p\u00e5, at vi som udbyder af siderne ikke har kendskab til indholdet af de overf\u00f8rte data eller Instagrams brug af dem.<\/span><\/p>\n<p><span style=\"font-weight: 400;\">Du kan finde flere oplysninger i Instagrams politik om beskyttelse af personlige oplysninger p\u00e5 https:\/\/www.instagram.com\/about\/legal\/privacy\/.<\/span><\/p>\n<p><b>2.7. Politik om beskyttelse af personlige oplysninger for Google Ads<\/b><\/p>\n<p><span style=\"font-weight: 400;\">Dette websted bruger Google AdSense, en tjeneste til integration af reklamer fra Google Inc. (&#8220;Google&#8221;). Google AdSense bruger &#8220;cookies&#8221;, som er tekstfiler, der placeres p\u00e5 din computer, for at hj\u00e6lpe webstedet med at analysere, hvordan brugerne bruger webstedet. Google AdSense bruger ogs\u00e5 s\u00e5kaldte web beacons (usynlig grafik). Disse web beacons kan bruges til at analysere oplysninger om f.eks. bes\u00f8gstrafik p\u00e5 disse sider.<\/span><\/p>\n<p><span style=\"font-weight: 400;\">De oplysninger, der genereres af cookies og web beacons om brugen af dette websted (herunder din IP-adresse) og levering af reklameformater, overf\u00f8res til en Google-server i USA og gemmes der. Google kan dele disse oplysninger med Googles kontrahenter. Google vil dog ikke sammenl\u00e6gge din IP-adresse med andre data, som du har gemt.<\/span><\/p>\n<p><span style=\"font-weight: 400;\">Du kan afvise brugen af cookies ved at v\u00e6lge de relevante indstillinger i din browser, men v\u00e6r opm\u00e6rksom p\u00e5, at hvis du g\u00f8r dette, kan du muligvis ikke bruge alle funktionerne p\u00e5 dette websted. Ved at bruge dette websted accepterer du, at Google behandler oplysninger om dig p\u00e5 den m\u00e5de og til de form\u00e5l, der er beskrevet ovenfor. Du kan f\u00e5 flere oplysninger om Googles brug af data, n\u00e5r du bruger dette websted, ved at klikke her.<\/span><\/p>\n<p><b>2.8. Fortrolighedspolitik for brug af Google Web Fonts  <\/b><\/p>\n<p><span style=\"font-weight: 400;\">Dette websted bruger s\u00e5kaldte webfonte, der leveres af Google, til ensartet visning af skrifttyper. N\u00e5r du \u00e5bner en side, indl\u00e6ser din browser de n\u00f8dvendige skrifttyper i din browsercache for at kunne vise tekster og skrifttyper korrekt. Hvis din browser ikke underst\u00f8tter webskrifttyper, anvendes en standardskrifttype af din computer.<\/span><\/p>\n<p><span style=\"font-weight: 400;\">Yderligere oplysninger om Google Web Fonts findes p\u00e5 https:\/\/developers.google.com\/fonts\/faq og i Googles politik om beskyttelse af personlige oplysninger: https:\/\/www.google.com\/policies\/privacy\/<\/span><\/p>\n<p><b>2.9. Fortrolighedspolitik for brug af Google Maps  <\/b><\/p>\n<p><span style=\"font-weight: 400;\">Dette websted bruger korttjenesten Google Maps via en API. Udbyderen er Google Inc., 1600 Amphitheatre Parkway Mountain View, CA 94043, USA. For at kunne bruge funktionerne i Google Maps er det n\u00f8dvendigt at gemme din IP-adresse. Disse oplysninger overf\u00f8res normalt til en Google-server i USA og gemmes der. Udbyderen af dette websted har ingen indflydelse p\u00e5 denne dataoverf\u00f8rsel.<\/span><\/p>\n<p><span style=\"font-weight: 400;\">Du kan finde flere oplysninger om h\u00e5ndteringen af brugerdata i Googles privatlivspolitik: https:\/\/www.google.de\/intl\/de\/policies\/privacy\/<\/span><\/p>\n<ol start=\"3\">\n<li><b>  Samtykke og ret til tilbagekaldelse<\/b><\/li>\n<\/ol>\n<p><span style=\"font-weight: 400;\">Hvis der kr\u00e6ves dit samtykke til behandling af dine data, behandler vi dem kun efter dit udtrykkelige samtykke.<\/span><\/p>\n<p><span style=\"font-weight: 400;\">Vi behandler principielt ikke oplysninger om mindre\u00e5rige og har ikke tilladelse til at g\u00f8re det. Ved at give dit samtykke bekr\u00e6fter du, at du er fyldt 14 \u00e5r, eller at du har tilladelse fra din v\u00e6rge.<\/span><\/p>\n<p><span style=\"font-weight: 400;\">Du kan til enhver tid tilbagekalde dit samtykke. I s\u00e5 fald vil de tidligere lagrede oplysninger om dig blive anonymiseret og efterf\u00f8lgende kun blive brugt til statistiske form\u00e5l uden reference til enkeltpersoner. Tilbagekaldelse af samtykket ber\u00f8rer ikke lovligheden af den behandling, der er foretaget p\u00e5 grundlag af samtykket indtil tilbagekaldelsen.<\/span><\/p>\n<ol start=\"4\">\n<li><b>  Databeskyttelse<\/b><\/li>\n<\/ol>\n<p><span style=\"font-weight: 400;\">Vi anvender tekniske og organisatoriske sikkerhedsforanstaltninger for at beskytte de lagrede personoplysninger mod utilsigtet eller fors\u00e6tligt tab eller beskadigelse.<\/span><\/p>\n<p><span style=\"font-weight: 400;\">manipulation, tab eller \u00f8del\u00e6ggelse og mod uvedkommende personers adgang. Vores sikkerhedsforanstaltninger forbedres l\u00f8bende i takt med den tekniske udvikling.<\/span><\/p>\n<ol start=\"5\">\n<li><b>  Dine rettigheder<\/b><\/li>\n<\/ol>\n<p><span style=\"font-weight: 400;\">Du har til enhver tid ret til at f\u00e5 oplysninger fra den dataansvarlige om de p\u00e5g\u00e6ldende personoplysninger fra den dataansvarlige. S\u00e5fremt der ikke er nogen juridisk forpligtelse til at opbevare oplysningerne, har du ret til at f\u00e5 disse oplysninger slettet og til at g\u00f8re indsigelse mod behandlingen. Du har desuden ret til at f\u00e5 oplysningerne rettet og til at begr\u00e6nse behandlingen.<\/span><\/p>\n<p><span style=\"font-weight: 400;\">Vi l\u00e6gger stor v\u00e6gt p\u00e5 beskyttelsen af dine data. For at kunne informere dig fuldt ud om brugen af personlige data beder vi dig om at tage f\u00f8lgende oplysninger om databeskyttelse til efterretning.<\/span><\/p><\/p>\n\t\t\t\t\t\t<\/div>\n\t\t\t\t<\/div>\n\t\t\t\t\t<\/div>\n\t\t<\/div>\n\t\t\t\t\t<\/div>\n\t\t<\/section>\n\t\t\t\t<\/div>\n\t\t","protected":false},"excerpt":{"rendered":"<p>Politik om beskyttelse af personlige oplysninger Politik om beskyttelse af personlige oplysninger EU&#8217;s generelle databeskyttelsesforordning, databeskyttelsesloven fra 2000 og loven om \u00e6ndring af databeskyttelsesloven fra 2018 tjener retten til beskyttelse af personlige oplysninger. Vi behandler dine data udelukkende p\u00e5 grundlag &hellip; <a href=\"https:\/\/www.camping-maltatal.at\/da\/politik-om-beskyttelse-af-personlige-oplysninger\/\">Read More<\/a><\/p>\n","protected":false},"author":1,"featured_media":0,"parent":0,"menu_order":97,"comment_status":"closed","ping_status":"open","template":"","meta":{"footnotes":""},"class_list":["post-3511","page","type-page","status-publish","hentry"],"_links":{"self":[{"href":"https:\/\/www.camping-maltatal.at\/da\/wp-json\/wp\/v2\/pages\/3511","targetHints":{"allow":["GET"]}}],"collection":[{"href":"https:\/\/www.camping-maltatal.at\/da\/wp-json\/wp\/v2\/pages"}],"about":[{"href":"https:\/\/www.camping-maltatal.at\/da\/wp-json\/wp\/v2\/types\/page"}],"author":[{"embeddable":true,"href":"https:\/\/www.camping-maltatal.at\/da\/wp-json\/wp\/v2\/users\/1"}],"replies":[{"embeddable":true,"href":"https:\/\/www.camping-maltatal.at\/da\/wp-json\/wp\/v2\/comments?post=3511"}],"version-history":[{"count":3,"href":"https:\/\/www.camping-maltatal.at\/da\/wp-json\/wp\/v2\/pages\/3511\/revisions"}],"predecessor-version":[{"id":18875,"href":"https:\/\/www.camping-maltatal.at\/da\/wp-json\/wp\/v2\/pages\/3511\/revisions\/18875"}],"wp:attachment":[{"href":"https:\/\/www.camping-maltatal.at\/da\/wp-json\/wp\/v2\/media?parent=3511"}],"curies":[{"name":"wp","href":"https:\/\/api.w.org\/{rel}","templated":true}]}}